{"id":3222,"date":"2024-07-23T15:12:14","date_gmt":"2024-07-23T13:12:14","guid":{"rendered":"https:\/\/judoproleague.com\/?page_id=3222"},"modified":"2025-09-30T17:22:14","modified_gmt":"2025-09-30T15:22:14","slug":"judo-pro-league-results-calendar","status":"publish","type":"page","link":"https:\/\/judoproleague.com\/en\/calendrier-resultat-judo-pro-league\/","title":{"rendered":"Judo Pro League results calendar"},"content":{"rendered":"","protected":false},"excerpt":{"rendered":"","protected":false},"author":3,"featured_media":0,"parent":0,"menu_order":0,"comment_status":"closed","ping_status":"closed","template":"template\/modele-calendrier-resultat-2024.php","meta":{"footnotes":""},"class_list":["post-3222","page","type-page","status-publish","hentry"],"acf":[],"yoast_head":"<!-- This site is optimized with the Yoast SEO plugin v27.5 - https:\/\/yoast.com\/product\/yoast-seo-wordpress\/ -->\n<title>Calendrier et R\u00e9sultats de la Judo Pro League<\/title>\n<meta name=\"description\" content=\"D\u00e9couvrez le calendrier complet de la Judo Pro League, ainsi que les r\u00e9sultats en direct et les r\u00e9sultats de la JPL des ann\u00e9es pr\u00e9c\u00e9dentes.\" \/>\n<meta name=\"robots\" content=\"index, follow, max-snippet:-1, max-image-preview:large, max-video-preview:-1\" \/>\n<link rel=\"canonical\" href=\"https:\/\/judoproleague.com\/en\/judo-pro-league-results-calendar\/\" \/>\n<meta property=\"og:locale\" content=\"en_US\" \/>\n<meta property=\"og:type\" content=\"article\" \/>\n<meta property=\"og:title\" content=\"Calendrier et R\u00e9sultats de la Judo Pro League\" \/>\n<meta property=\"og:description\" content=\"D\u00e9couvrez le calendrier complet de la Judo Pro League, ainsi que les r\u00e9sultats en direct et les r\u00e9sultats de la JPL des ann\u00e9es pr\u00e9c\u00e9dentes.\" \/>\n<meta property=\"og:url\" content=\"https:\/\/judoproleague.com\/en\/judo-pro-league-results-calendar\/\" \/>\n<meta property=\"og:site_name\" content=\"Judo Pro League\" \/>\n<meta property=\"article:modified_time\" content=\"2025-09-30T15:22:14+00:00\" \/>\n<meta name=\"twitter:card\" content=\"summary_large_image\" \/>\n<script type=\"application\/ld+json\" class=\"yoast-schema-graph\">{\"@context\":\"https:\\\/\\\/schema.org\",\"@graph\":[{\"@type\":\"WebPage\",\"@id\":\"https:\\\/\\\/judoproleague.com\\\/calendrier-resultat-judo-pro-league\\\/\",\"url\":\"https:\\\/\\\/judoproleague.com\\\/calendrier-resultat-judo-pro-league\\\/\",\"name\":\"Calendrier et R\u00e9sultats de la Judo Pro League\",\"isPartOf\":{\"@id\":\"https:\\\/\\\/judoproleague.com\\\/#website\"},\"datePublished\":\"2024-07-23T13:12:14+00:00\",\"dateModified\":\"2025-09-30T15:22:14+00:00\",\"description\":\"D\u00e9couvrez le calendrier complet de la Judo Pro League, ainsi que les r\u00e9sultats en direct et les r\u00e9sultats de la JPL des ann\u00e9es pr\u00e9c\u00e9dentes.\",\"inLanguage\":\"en-US\",\"potentialAction\":[{\"@type\":\"ReadAction\",\"target\":[\"https:\\\/\\\/judoproleague.com\\\/calendrier-resultat-judo-pro-league\\\/\"]}]},{\"@type\":\"WebSite\",\"@id\":\"https:\\\/\\\/judoproleague.com\\\/#website\",\"url\":\"https:\\\/\\\/judoproleague.com\\\/\",\"name\":\"Judo Pro League\",\"description\":\"\",\"publisher\":{\"@id\":\"https:\\\/\\\/judoproleague.com\\\/#organization\"},\"potentialAction\":[{\"@type\":\"SearchAction\",\"target\":{\"@type\":\"EntryPoint\",\"urlTemplate\":\"https:\\\/\\\/judoproleague.com\\\/?s={search_term_string}\"},\"query-input\":{\"@type\":\"PropertyValueSpecification\",\"valueRequired\":true,\"valueName\":\"search_term_string\"}}],\"inLanguage\":\"en-US\"},{\"@type\":\"Organization\",\"@id\":\"https:\\\/\\\/judoproleague.com\\\/#organization\",\"name\":\"Judo Pro League\",\"url\":\"https:\\\/\\\/judoproleague.com\\\/\",\"logo\":{\"@type\":\"ImageObject\",\"inLanguage\":\"en-US\",\"@id\":\"https:\\\/\\\/judoproleague.com\\\/#\\\/schema\\\/logo\\\/image\\\/\",\"url\":\"https:\\\/\\\/judoproleague.com\\\/wp-content\\\/uploads\\\/2024\\\/10\\\/JPL-LOGO-light-1.svg\",\"contentUrl\":\"https:\\\/\\\/judoproleague.com\\\/wp-content\\\/uploads\\\/2024\\\/10\\\/JPL-LOGO-light-1.svg\",\"width\":198,\"height\":83,\"caption\":\"Judo Pro League\"},\"image\":{\"@id\":\"https:\\\/\\\/judoproleague.com\\\/#\\\/schema\\\/logo\\\/image\\\/\"}}]}<\/script>\n<!-- \/ Yoast SEO plugin. -->","yoast_head_json":{"title":"Judo Pro League Calendar and Results","description":"Discover the complete Judo Pro League calendar, as well as live results and JPL results from previous years.","robots":{"index":"index","follow":"follow","max-snippet":"max-snippet:-1","max-image-preview":"max-image-preview:large","max-video-preview":"max-video-preview:-1"},"canonical":"https:\/\/judoproleague.com\/en\/judo-pro-league-results-calendar\/","og_locale":"en_US","og_type":"article","og_title":"Calendrier et R\u00e9sultats de la Judo Pro League","og_description":"D\u00e9couvrez le calendrier complet de la Judo Pro League, ainsi que les r\u00e9sultats en direct et les r\u00e9sultats de la JPL des ann\u00e9es pr\u00e9c\u00e9dentes.","og_url":"https:\/\/judoproleague.com\/en\/judo-pro-league-results-calendar\/","og_site_name":"Judo Pro League","article_modified_time":"2025-09-30T15:22:14+00:00","twitter_card":"summary_large_image","schema":{"@context":"https:\/\/schema.org","@graph":[{"@type":"WebPage","@id":"https:\/\/judoproleague.com\/calendrier-resultat-judo-pro-league\/","url":"https:\/\/judoproleague.com\/calendrier-resultat-judo-pro-league\/","name":"Judo Pro League Calendar and Results","isPartOf":{"@id":"https:\/\/judoproleague.com\/#website"},"datePublished":"2024-07-23T13:12:14+00:00","dateModified":"2025-09-30T15:22:14+00:00","description":"Discover the complete Judo Pro League calendar, as well as live results and JPL results from previous years.","inLanguage":"en-US","potentialAction":[{"@type":"ReadAction","target":["https:\/\/judoproleague.com\/calendrier-resultat-judo-pro-league\/"]}]},{"@type":"WebSite","@id":"https:\/\/judoproleague.com\/#website","url":"https:\/\/judoproleague.com\/","name":"Judo Pro League","description":"","publisher":{"@id":"https:\/\/judoproleague.com\/#organization"},"potentialAction":[{"@type":"SearchAction","target":{"@type":"EntryPoint","urlTemplate":"https:\/\/judoproleague.com\/?s={search_term_string}"},"query-input":{"@type":"PropertyValueSpecification","valueRequired":true,"valueName":"search_term_string"}}],"inLanguage":"en-US"},{"@type":"Organization","@id":"https:\/\/judoproleague.com\/#organization","name":"Judo Pro League","url":"https:\/\/judoproleague.com\/","logo":{"@type":"ImageObject","inLanguage":"en-US","@id":"https:\/\/judoproleague.com\/#\/schema\/logo\/image\/","url":"https:\/\/judoproleague.com\/wp-content\/uploads\/2024\/10\/JPL-LOGO-light-1.svg","contentUrl":"https:\/\/judoproleague.com\/wp-content\/uploads\/2024\/10\/JPL-LOGO-light-1.svg","width":198,"height":83,"caption":"Judo Pro League"},"image":{"@id":"https:\/\/judoproleague.com\/#\/schema\/logo\/image\/"}}]}},"_links":{"self":[{"href":"https:\/\/judoproleague.com\/en\/wp-json\/wp\/v2\/pages\/3222","targetHints":{"allow":["GET"]}}],"collection":[{"href":"https:\/\/judoproleague.com\/en\/wp-json\/wp\/v2\/pages"}],"about":[{"href":"https:\/\/judoproleague.com\/en\/wp-json\/wp\/v2\/types\/page"}],"author":[{"embeddable":true,"href":"https:\/\/judoproleague.com\/en\/wp-json\/wp\/v2\/users\/3"}],"replies":[{"embeddable":true,"href":"https:\/\/judoproleague.com\/en\/wp-json\/wp\/v2\/comments?post=3222"}],"version-history":[{"count":2,"href":"https:\/\/judoproleague.com\/en\/wp-json\/wp\/v2\/pages\/3222\/revisions"}],"predecessor-version":[{"id":6726,"href":"https:\/\/judoproleague.com\/en\/wp-json\/wp\/v2\/pages\/3222\/revisions\/6726"}],"wp:attachment":[{"href":"https:\/\/judoproleague.com\/en\/wp-json\/wp\/v2\/media?parent=3222"}],"curies":[{"name":"wp","href":"https:\/\/api.w.org\/{rel}","templated":true}]}}